{"id":7541,"date":"2026-03-10T13:37:19","date_gmt":"2026-03-10T11:37:19","guid":{"rendered":"https:\/\/coffeeritz.lv\/?post_type=product&#038;p=7541"},"modified":"2026-03-10T13:43:23","modified_gmt":"2026-03-10T11:43:23","slug":"sati-vanille-malta-kafija-250g","status":"publish","type":"product","link":"https:\/\/coffeeritz.lv\/ru\/products\/sati-vanille-malta-kafija-250g\/","title":{"rendered":"SATI Vanille malt\u0101 kafija 250g"},"content":{"rendered":"<p data-start=\"153\" data-end=\"607\">Arom\u0101tiska malt\u0101 kafija ar maigu vani\u013cas gar\u0161u, kas pie\u0161\u0137ir katrai tas\u012btei \u012bpa\u0161u saldenu un samtainu noti. <strong data-start=\"260\" data-end=\"276\">SATI Vanilla<\/strong> tiek gatavota no augstas kvalit\u0101tes <strong data-start=\"313\" data-end=\"329\">100% Arabica<\/strong> kafijas pupi\u0146\u0101m no Centr\u0101l\u0101s un Dienvidamerikas, kas nodro\u0161ina harmonisku, sabalans\u0113tu gar\u0161u un pat\u012bkamu arom\u0101tu. Vid\u0113jais grauzd\u0113juma l\u012bmenis \u013cauj saglab\u0101t kafijas dabisko maigumu un nov\u0113r\u0161 p\u0101rm\u0113r\u012bgu r\u016bgtumu, savuk\u0101rt vani\u013cas arom\u0101ts pie\u0161\u0137ir dz\u0113rienam izsmalcin\u0101tu raksturu.<\/p>\n<p data-start=\"609\" data-end=\"869\">\u0160\u012b kafija ir lieliski piem\u0113rota gan klasiskai pagatavo\u0161anai ar karstu \u016bdeni, gan filtrkafijas autom\u0101tiem, dripperiem vai <strong data-start=\"730\" data-end=\"743\">AeroPress<\/strong>. Ide\u0101la izv\u0113le tiem, kas v\u0113las baud\u012bt arom\u0101tisku kafiju ar saldenu un maigu p\u0113cgar\u0161u.<\/p>\n<p data-start=\"871\" data-end=\"893\"><strong data-start=\"871\" data-end=\"893\">Galven\u0101s \u012bpa\u0161\u012bbas:<\/strong><\/p>\n<ul data-start=\"894\" data-end=\"1024\">\n<li data-section-id=\"4vt4h5\" data-start=\"894\" data-end=\"917\">\n<p data-start=\"896\" data-end=\"917\">100% Arabica kafija<\/p>\n<\/li>\n<li data-section-id=\"chiwr4\" data-start=\"918\" data-end=\"943\">\n<p data-start=\"920\" data-end=\"943\">Maigs vani\u013cas arom\u0101ts<\/p>\n<\/li>\n<li data-section-id=\"1iuqrcq\" data-start=\"944\" data-end=\"964\">\n<p data-start=\"946\" data-end=\"964\">Vid\u0113ji grauzd\u0113ta<\/p>\n<\/li>\n<li data-section-id=\"ukz4jk\" data-start=\"965\" data-end=\"1007\">\n<p data-start=\"967\" data-end=\"1007\">Sabalans\u0113ta gar\u0161a bez izteikta r\u016bgtuma<\/p>\n<\/li>\n<li data-section-id=\"1u8ss93\" data-start=\"1008\" data-end=\"1024\">\n<p data-start=\"1010\" data-end=\"1024\">Svars: 250 g<\/p>\n<\/li>\n<\/ul>\n","protected":false},"excerpt":{"rendered":"<p>Arom\u0101tiska malt\u0101 kafija ar maigu vani\u013cas gar\u0161u, kas pie\u0161\u0137ir katrai tas\u012btei \u012bpa\u0161u saldenu un samtainu noti. Kafija no Francijas.<\/p>\n","protected":false},"featured_media":7543,"template":"","meta":{"_acf_changed":false,"_monsterinsights_skip_tracking":false,"_monsterinsights_sitenote_active":false,"_monsterinsights_sitenote_note":"","_monsterinsights_sitenote_category":0},"product_cat":[767],"product_tag":[],"class_list":{"0":"post-7541","1":"product","2":"type-product","3":"status-publish","4":"has-post-thumbnail","6":"product_cat-767","8":"first","9":"instock","10":"featured","11":"taxable","12":"shipping-taxable","13":"purchasable","14":"product-type-simple","swatches":"rey-swatches","show_selected":""},"acf":[],"yoast_head":"<!-- This site is optimized with the Yoast SEO plugin v27.4 - https:\/\/yoast.com\/product\/yoast-seo-wordpress\/ -->\n<title>SATI Vanille malt\u0101 kafija 250g<\/title>\n<meta name=\"description\" content=\"Maiga, arom\u0101tiska \u0161\u0137\u012bsto\u0161\u0101 kafija ar ziedain\u0101m not\u012bm un elegantu gar\u0161as ilgumu. \u0160\u0137\u012bsto\u0161a kafija no Francijas. Izcila kvalit\u0101te.\" \/>\n<meta name=\"robots\" content=\"index, follow, max-snippet:-1, max-image-preview:large, max-video-preview:-1\" \/>\n<link rel=\"canonical\" href=\"https:\/\/coffeeritz.lv\/ru\/products\/sati-vanille-malta-kafija-250g\/\" \/>\n<meta property=\"og:locale\" content=\"ru_RU\" \/>\n<meta property=\"og:type\" content=\"article\" \/>\n<meta property=\"og:title\" content=\"SATI Vanille malt\u0101 kafija 250g\" \/>\n<meta property=\"og:description\" content=\"Maiga, arom\u0101tiska \u0161\u0137\u012bsto\u0161\u0101 kafija ar ziedain\u0101m not\u012bm un elegantu gar\u0161as ilgumu. \u0160\u0137\u012bsto\u0161a kafija no Francijas. Izcila kvalit\u0101te.\" \/>\n<meta property=\"og:url\" content=\"https:\/\/coffeeritz.lv\/ru\/products\/sati-vanille-malta-kafija-250g\/\" \/>\n<meta property=\"og:site_name\" content=\"CoffeeRitz.lv\" \/>\n<meta property=\"article:modified_time\" content=\"2026-03-10T11:43:23+00:00\" \/>\n<meta property=\"og:image\" content=\"https:\/\/coffeeritz.lv\/wp-content\/uploads\/2026\/03\/05_vanille-scaled.png\" \/>\n\t<meta property=\"og:image:width\" content=\"2560\" \/>\n\t<meta property=\"og:image:height\" content=\"2560\" \/>\n\t<meta property=\"og:image:type\" content=\"image\/png\" \/>\n<meta name=\"twitter:card\" content=\"summary_large_image\" \/>\n<meta name=\"twitter:label1\" content=\"\u041f\u0440\u0438\u043c\u0435\u0440\u043d\u043e\u0435 \u0432\u0440\u0435\u043c\u044f \u0434\u043b\u044f \u0447\u0442\u0435\u043d\u0438\u044f\" \/>\n\t<meta name=\"twitter:data1\" content=\"1 \u043c\u0438\u043d\u0443\u0442\u0430\" \/>\n<script type=\"application\/ld+json\" class=\"yoast-schema-graph\">{\"@context\":\"https:\\\/\\\/schema.org\",\"@graph\":[{\"@type\":\"WebPage\",\"@id\":\"https:\\\/\\\/coffeeritz.lv\\\/ru\\\/products\\\/sati-vanille-malta-kafija-250g\\\/\",\"url\":\"https:\\\/\\\/coffeeritz.lv\\\/ru\\\/products\\\/sati-vanille-malta-kafija-250g\\\/\",\"name\":\"SATI Vanille malt\u0101 kafija 250g\",\"isPartOf\":{\"@id\":\"https:\\\/\\\/coffeeritz.lv\\\/#website\"},\"primaryImageOfPage\":{\"@id\":\"https:\\\/\\\/coffeeritz.lv\\\/ru\\\/products\\\/sati-vanille-malta-kafija-250g\\\/#primaryimage\"},\"image\":{\"@id\":\"https:\\\/\\\/coffeeritz.lv\\\/ru\\\/products\\\/sati-vanille-malta-kafija-250g\\\/#primaryimage\"},\"thumbnailUrl\":\"https:\\\/\\\/coffeeritz.lv\\\/wp-content\\\/uploads\\\/2026\\\/03\\\/05_vanille-scaled.png\",\"datePublished\":\"2026-03-10T11:37:19+00:00\",\"dateModified\":\"2026-03-10T11:43:23+00:00\",\"description\":\"Maiga, arom\u0101tiska \u0161\u0137\u012bsto\u0161\u0101 kafija ar ziedain\u0101m not\u012bm un elegantu gar\u0161as ilgumu. \u0160\u0137\u012bsto\u0161a kafija no Francijas. Izcila kvalit\u0101te.\",\"breadcrumb\":{\"@id\":\"https:\\\/\\\/coffeeritz.lv\\\/ru\\\/products\\\/sati-vanille-malta-kafija-250g\\\/#breadcrumb\"},\"inLanguage\":\"ru-RU\",\"potentialAction\":[{\"@type\":\"ReadAction\",\"target\":[\"https:\\\/\\\/coffeeritz.lv\\\/ru\\\/products\\\/sati-vanille-malta-kafija-250g\\\/\"]}]},{\"@type\":\"ImageObject\",\"inLanguage\":\"ru-RU\",\"@id\":\"https:\\\/\\\/coffeeritz.lv\\\/ru\\\/products\\\/sati-vanille-malta-kafija-250g\\\/#primaryimage\",\"url\":\"https:\\\/\\\/coffeeritz.lv\\\/wp-content\\\/uploads\\\/2026\\\/03\\\/05_vanille-scaled.png\",\"contentUrl\":\"https:\\\/\\\/coffeeritz.lv\\\/wp-content\\\/uploads\\\/2026\\\/03\\\/05_vanille-scaled.png\",\"width\":2560,\"height\":2560,\"caption\":\"sati vanille\"},{\"@type\":\"BreadcrumbList\",\"@id\":\"https:\\\/\\\/coffeeritz.lv\\\/ru\\\/products\\\/sati-vanille-malta-kafija-250g\\\/#breadcrumb\",\"itemListElement\":[{\"@type\":\"ListItem\",\"position\":1,\"name\":\"Home\",\"item\":\"https:\\\/\\\/coffeeritz.lv\\\/ru\\\/\"},{\"@type\":\"ListItem\",\"position\":2,\"name\":\"\u041c\u0430\u0433\u0430\u0437\u0438\u043d\",\"item\":\"https:\\\/\\\/coffeeritz.lv\\\/ru\\\/%d0%bc%d0%b0%d0%b3%d0%b0%d0%b7%d0%b8%d0%bd\\\/\"},{\"@type\":\"ListItem\",\"position\":3,\"name\":\"SATI Vanille malt\u0101 kafija 250g\"}]},{\"@type\":\"WebSite\",\"@id\":\"https:\\\/\\\/coffeeritz.lv\\\/#website\",\"url\":\"https:\\\/\\\/coffeeritz.lv\\\/\",\"name\":\"CoffeeRitz.lv\",\"description\":\"Coffee Roastery innovation\",\"publisher\":{\"@id\":\"https:\\\/\\\/coffeeritz.lv\\\/#organization\"},\"potentialAction\":[{\"@type\":\"SearchAction\",\"target\":{\"@type\":\"EntryPoint\",\"urlTemplate\":\"https:\\\/\\\/coffeeritz.lv\\\/?s={search_term_string}\"},\"query-input\":{\"@type\":\"PropertyValueSpecification\",\"valueRequired\":true,\"valueName\":\"search_term_string\"}}],\"inLanguage\":\"ru-RU\"},{\"@type\":\"Organization\",\"@id\":\"https:\\\/\\\/coffeeritz.lv\\\/#organization\",\"name\":\"Coffee Ritz\",\"url\":\"https:\\\/\\\/coffeeritz.lv\\\/\",\"logo\":{\"@type\":\"ImageObject\",\"inLanguage\":\"ru-RU\",\"@id\":\"https:\\\/\\\/coffeeritz.lv\\\/#\\\/schema\\\/logo\\\/image\\\/\",\"url\":\"https:\\\/\\\/coffeeritz.lv\\\/wp-content\\\/uploads\\\/2021\\\/10\\\/logo_Ritz.png\",\"contentUrl\":\"https:\\\/\\\/coffeeritz.lv\\\/wp-content\\\/uploads\\\/2021\\\/10\\\/logo_Ritz.png\",\"width\":450,\"height\":168,\"caption\":\"Coffee Ritz\"},\"image\":{\"@id\":\"https:\\\/\\\/coffeeritz.lv\\\/#\\\/schema\\\/logo\\\/image\\\/\"}}]}<\/script>\n<!-- \/ Yoast SEO plugin. -->","yoast_head_json":{"title":"SATI Vanille malt\u0101 kafija 250g","description":"Maiga, arom\u0101tiska \u0161\u0137\u012bsto\u0161\u0101 kafija ar ziedain\u0101m not\u012bm un elegantu gar\u0161as ilgumu. \u0160\u0137\u012bsto\u0161a kafija no Francijas. Izcila kvalit\u0101te.","robots":{"index":"index","follow":"follow","max-snippet":"max-snippet:-1","max-image-preview":"max-image-preview:large","max-video-preview":"max-video-preview:-1"},"canonical":"https:\/\/coffeeritz.lv\/ru\/products\/sati-vanille-malta-kafija-250g\/","og_locale":"ru_RU","og_type":"article","og_title":"SATI Vanille malt\u0101 kafija 250g","og_description":"Maiga, arom\u0101tiska \u0161\u0137\u012bsto\u0161\u0101 kafija ar ziedain\u0101m not\u012bm un elegantu gar\u0161as ilgumu. \u0160\u0137\u012bsto\u0161a kafija no Francijas. Izcila kvalit\u0101te.","og_url":"https:\/\/coffeeritz.lv\/ru\/products\/sati-vanille-malta-kafija-250g\/","og_site_name":"CoffeeRitz.lv","article_modified_time":"2026-03-10T11:43:23+00:00","og_image":[{"width":2560,"height":2560,"url":"https:\/\/coffeeritz.lv\/wp-content\/uploads\/2026\/03\/05_vanille-scaled.png","type":"image\/png"}],"twitter_card":"summary_large_image","twitter_misc":{"\u041f\u0440\u0438\u043c\u0435\u0440\u043d\u043e\u0435 \u0432\u0440\u0435\u043c\u044f \u0434\u043b\u044f \u0447\u0442\u0435\u043d\u0438\u044f":"1 \u043c\u0438\u043d\u0443\u0442\u0430"},"schema":{"@context":"https:\/\/schema.org","@graph":[{"@type":"WebPage","@id":"https:\/\/coffeeritz.lv\/ru\/products\/sati-vanille-malta-kafija-250g\/","url":"https:\/\/coffeeritz.lv\/ru\/products\/sati-vanille-malta-kafija-250g\/","name":"SATI Vanille malt\u0101 kafija 250g","isPartOf":{"@id":"https:\/\/coffeeritz.lv\/#website"},"primaryImageOfPage":{"@id":"https:\/\/coffeeritz.lv\/ru\/products\/sati-vanille-malta-kafija-250g\/#primaryimage"},"image":{"@id":"https:\/\/coffeeritz.lv\/ru\/products\/sati-vanille-malta-kafija-250g\/#primaryimage"},"thumbnailUrl":"https:\/\/coffeeritz.lv\/wp-content\/uploads\/2026\/03\/05_vanille-scaled.png","datePublished":"2026-03-10T11:37:19+00:00","dateModified":"2026-03-10T11:43:23+00:00","description":"Maiga, arom\u0101tiska \u0161\u0137\u012bsto\u0161\u0101 kafija ar ziedain\u0101m not\u012bm un elegantu gar\u0161as ilgumu. \u0160\u0137\u012bsto\u0161a kafija no Francijas. Izcila kvalit\u0101te.","breadcrumb":{"@id":"https:\/\/coffeeritz.lv\/ru\/products\/sati-vanille-malta-kafija-250g\/#breadcrumb"},"inLanguage":"ru-RU","potentialAction":[{"@type":"ReadAction","target":["https:\/\/coffeeritz.lv\/ru\/products\/sati-vanille-malta-kafija-250g\/"]}]},{"@type":"ImageObject","inLanguage":"ru-RU","@id":"https:\/\/coffeeritz.lv\/ru\/products\/sati-vanille-malta-kafija-250g\/#primaryimage","url":"https:\/\/coffeeritz.lv\/wp-content\/uploads\/2026\/03\/05_vanille-scaled.png","contentUrl":"https:\/\/coffeeritz.lv\/wp-content\/uploads\/2026\/03\/05_vanille-scaled.png","width":2560,"height":2560,"caption":"sati vanille"},{"@type":"BreadcrumbList","@id":"https:\/\/coffeeritz.lv\/ru\/products\/sati-vanille-malta-kafija-250g\/#breadcrumb","itemListElement":[{"@type":"ListItem","position":1,"name":"Home","item":"https:\/\/coffeeritz.lv\/ru\/"},{"@type":"ListItem","position":2,"name":"\u041c\u0430\u0433\u0430\u0437\u0438\u043d","item":"https:\/\/coffeeritz.lv\/ru\/%d0%bc%d0%b0%d0%b3%d0%b0%d0%b7%d0%b8%d0%bd\/"},{"@type":"ListItem","position":3,"name":"SATI Vanille malt\u0101 kafija 250g"}]},{"@type":"WebSite","@id":"https:\/\/coffeeritz.lv\/#website","url":"https:\/\/coffeeritz.lv\/","name":"CoffeeRitz.lv","description":"Coffee Roastery innovation","publisher":{"@id":"https:\/\/coffeeritz.lv\/#organization"},"potentialAction":[{"@type":"SearchAction","target":{"@type":"EntryPoint","urlTemplate":"https:\/\/coffeeritz.lv\/?s={search_term_string}"},"query-input":{"@type":"PropertyValueSpecification","valueRequired":true,"valueName":"search_term_string"}}],"inLanguage":"ru-RU"},{"@type":"Organization","@id":"https:\/\/coffeeritz.lv\/#organization","name":"Coffee Ritz","url":"https:\/\/coffeeritz.lv\/","logo":{"@type":"ImageObject","inLanguage":"ru-RU","@id":"https:\/\/coffeeritz.lv\/#\/schema\/logo\/image\/","url":"https:\/\/coffeeritz.lv\/wp-content\/uploads\/2021\/10\/logo_Ritz.png","contentUrl":"https:\/\/coffeeritz.lv\/wp-content\/uploads\/2021\/10\/logo_Ritz.png","width":450,"height":168,"caption":"Coffee Ritz"},"image":{"@id":"https:\/\/coffeeritz.lv\/#\/schema\/logo\/image\/"}}]}},"_links":{"self":[{"href":"https:\/\/coffeeritz.lv\/ru\/wp-json\/wp\/v2\/product\/7541","targetHints":{"allow":["GET"]}}],"collection":[{"href":"https:\/\/coffeeritz.lv\/ru\/wp-json\/wp\/v2\/product"}],"about":[{"href":"https:\/\/coffeeritz.lv\/ru\/wp-json\/wp\/v2\/types\/product"}],"wp:featuredmedia":[{"embeddable":true,"href":"https:\/\/coffeeritz.lv\/ru\/wp-json\/wp\/v2\/media\/7543"}],"wp:attachment":[{"href":"https:\/\/coffeeritz.lv\/ru\/wp-json\/wp\/v2\/media?parent=7541"}],"wp:term":[{"taxonomy":"product_cat","embeddable":true,"href":"https:\/\/coffeeritz.lv\/ru\/wp-json\/wp\/v2\/product_cat?post=7541"},{"taxonomy":"product_tag","embeddable":true,"href":"https:\/\/coffeeritz.lv\/ru\/wp-json\/wp\/v2\/product_tag?post=7541"}],"curies":[{"name":"wp","href":"https:\/\/api.w.org\/{rel}","templated":true}]}}