{"id":7474,"date":"2026-02-23T16:04:37","date_gmt":"2026-02-23T14:04:37","guid":{"rendered":"https:\/\/coffeeritz.lv\/?post_type=product&#038;p=7474"},"modified":"2026-03-10T12:22:42","modified_gmt":"2026-03-10T10:22:42","slug":"saeco-royal-otc-mazlietots","status":"publish","type":"product","link":"https:\/\/coffeeritz.lv\/ru\/products\/saeco-royal-otc-mazlietots\/","title":{"rendered":"Saeco Royal OTC (mazlietots)"},"content":{"rendered":"<ul>\n<li>Kafijas autom\u0101ta tips: Autom\u0101tiskie<\/li>\n<li>Izmanto: Kafijas pupi\u0146as, Svaigs piens<\/li>\n<li>Putu veidot\u0101ja tips: Autom\u0101tisk\u0101 piena trubi\u0146u sist\u0113ma<\/li>\n<li>Dzirnavi\u0146u tips: Met\u0101la<\/li>\n<li>Ekr\u0101ns: Melns\/balts<\/li>\n<li>Vad\u012bbas tipsVad\u012bbas tips: Sk\u0101rienj\u016bt\u012bgas pogas<\/li>\n<li>Smart appSmart app: J\u0101<\/li>\n<li>\u016adens tvertnes tilpums: 2.5 l<\/li>\n<li>Kafijas pupi\u0146u tvertne: 600 g<\/li>\n<li>Regul\u0113jams mal\u0161anas raupjums (l\u012bme\u0146i): 7<\/li>\n<li>Kafijas stiprums (l\u012bme\u0146i): 6<\/li>\n<li>Kafijas temperat\u016bra (l\u012bme\u0146i): 10<\/li>\n<li>Piena sist\u0113mas att\u012br\u012b\u0161anas programma: J\u0101<\/li>\n<li>Garantija: 6 m\u0113ne\u0161i<\/li>\n<\/ul>\n","protected":false},"excerpt":{"rendered":"<p><strong>Mazlietots apar\u0101ts. <\/strong>\u013boti laba stavokli<strong>. Saeco Royal OTC,<\/strong> 2,5 litru \u016bdens tvertnei, 600 gramu pupi\u0146u tvertnei un kafijas biezumu tvertnei, kur ietilpst l\u012bdz pat 18 porcij\u0101m.<\/p>\n","protected":false},"featured_media":7472,"template":"","meta":{"_acf_changed":false,"_monsterinsights_skip_tracking":false,"_monsterinsights_sitenote_active":false,"_monsterinsights_sitenote_note":"","_monsterinsights_sitenote_category":0},"product_cat":[764],"product_tag":[728,730,761],"class_list":{"0":"post-7474","1":"product","2":"type-product","3":"status-publish","4":"has-post-thumbnail","6":"product_cat-kafijas-automati-ru","7":"product_tag-coffee-machine-ru","8":"product_tag-espresso-automats-ru","9":"product_tag-saeco-ru","11":"first","12":"instock","13":"sale","14":"featured","15":"taxable","16":"shipping-taxable","17":"purchasable","18":"product-type-simple","swatches":"rey-swatches","show_selected":""},"acf":[],"yoast_head":"<!-- This site is optimized with the Yoast SEO plugin v27.3 - https:\/\/yoast.com\/product\/yoast-seo-wordpress\/ -->\n<title>Saeco Royal OTC (mazlietots)<\/title>\n<meta name=\"description\" content=\"Saeco Royal OTC, Kapu\u010dinators, 2,5 litru \u016bdens tvertnei, 600 gramu pupi\u0146u tvertnei un kafijas biezumu tvertnei, kur ietilpst l\u012bdz pat 18 porcij\u0101m.\" \/>\n<meta name=\"robots\" content=\"index, follow, max-snippet:-1, max-image-preview:large, max-video-preview:-1\" \/>\n<link rel=\"canonical\" href=\"https:\/\/coffeeritz.lv\/ru\/products\/saeco-royal-otc-mazlietots\/\" \/>\n<meta property=\"og:locale\" content=\"ru_RU\" \/>\n<meta property=\"og:type\" content=\"article\" \/>\n<meta property=\"og:title\" content=\"Saeco Royal OTC (mazlietots)\" \/>\n<meta property=\"og:description\" content=\"Saeco Royal OTC, Kapu\u010dinators, 2,5 litru \u016bdens tvertnei, 600 gramu pupi\u0146u tvertnei un kafijas biezumu tvertnei, kur ietilpst l\u012bdz pat 18 porcij\u0101m.\" \/>\n<meta property=\"og:url\" content=\"https:\/\/coffeeritz.lv\/ru\/products\/saeco-royal-otc-mazlietots\/\" \/>\n<meta property=\"og:site_name\" content=\"CoffeeRitz.lv\" \/>\n<meta property=\"article:modified_time\" content=\"2026-03-10T10:22:42+00:00\" \/>\n<meta property=\"og:image\" content=\"https:\/\/coffeeritz.lv\/wp-content\/uploads\/2026\/02\/royalblack3jpg.jpg\" \/>\n\t<meta property=\"og:image:width\" content=\"1000\" \/>\n\t<meta property=\"og:image:height\" content=\"1000\" \/>\n\t<meta property=\"og:image:type\" content=\"image\/jpeg\" \/>\n<meta name=\"twitter:card\" content=\"summary_large_image\" \/>\n<meta name=\"twitter:label1\" content=\"\u041f\u0440\u0438\u043c\u0435\u0440\u043d\u043e\u0435 \u0432\u0440\u0435\u043c\u044f \u0434\u043b\u044f \u0447\u0442\u0435\u043d\u0438\u044f\" \/>\n\t<meta name=\"twitter:data1\" content=\"1 \u043c\u0438\u043d\u0443\u0442\u0430\" \/>\n<script type=\"application\/ld+json\" class=\"yoast-schema-graph\">{\"@context\":\"https:\\\/\\\/schema.org\",\"@graph\":[{\"@type\":\"WebPage\",\"@id\":\"https:\\\/\\\/coffeeritz.lv\\\/ru\\\/products\\\/saeco-royal-otc-mazlietots\\\/\",\"url\":\"https:\\\/\\\/coffeeritz.lv\\\/ru\\\/products\\\/saeco-royal-otc-mazlietots\\\/\",\"name\":\"Saeco Royal OTC (mazlietots)\",\"isPartOf\":{\"@id\":\"https:\\\/\\\/coffeeritz.lv\\\/#website\"},\"primaryImageOfPage\":{\"@id\":\"https:\\\/\\\/coffeeritz.lv\\\/ru\\\/products\\\/saeco-royal-otc-mazlietots\\\/#primaryimage\"},\"image\":{\"@id\":\"https:\\\/\\\/coffeeritz.lv\\\/ru\\\/products\\\/saeco-royal-otc-mazlietots\\\/#primaryimage\"},\"thumbnailUrl\":\"https:\\\/\\\/coffeeritz.lv\\\/wp-content\\\/uploads\\\/2026\\\/02\\\/royalblack3jpg.jpg\",\"datePublished\":\"2026-02-23T14:04:37+00:00\",\"dateModified\":\"2026-03-10T10:22:42+00:00\",\"description\":\"Saeco Royal OTC, Kapu\u010dinators, 2,5 litru \u016bdens tvertnei, 600 gramu pupi\u0146u tvertnei un kafijas biezumu tvertnei, kur ietilpst l\u012bdz pat 18 porcij\u0101m.\",\"breadcrumb\":{\"@id\":\"https:\\\/\\\/coffeeritz.lv\\\/ru\\\/products\\\/saeco-royal-otc-mazlietots\\\/#breadcrumb\"},\"inLanguage\":\"ru-RU\",\"potentialAction\":[{\"@type\":\"ReadAction\",\"target\":[\"https:\\\/\\\/coffeeritz.lv\\\/ru\\\/products\\\/saeco-royal-otc-mazlietots\\\/\"]}]},{\"@type\":\"ImageObject\",\"inLanguage\":\"ru-RU\",\"@id\":\"https:\\\/\\\/coffeeritz.lv\\\/ru\\\/products\\\/saeco-royal-otc-mazlietots\\\/#primaryimage\",\"url\":\"https:\\\/\\\/coffeeritz.lv\\\/wp-content\\\/uploads\\\/2026\\\/02\\\/royalblack3jpg.jpg\",\"contentUrl\":\"https:\\\/\\\/coffeeritz.lv\\\/wp-content\\\/uploads\\\/2026\\\/02\\\/royalblack3jpg.jpg\",\"width\":1000,\"height\":1000,\"caption\":\"Saeco Royal OTC\"},{\"@type\":\"BreadcrumbList\",\"@id\":\"https:\\\/\\\/coffeeritz.lv\\\/ru\\\/products\\\/saeco-royal-otc-mazlietots\\\/#breadcrumb\",\"itemListElement\":[{\"@type\":\"ListItem\",\"position\":1,\"name\":\"Home\",\"item\":\"https:\\\/\\\/coffeeritz.lv\\\/ru\\\/\"},{\"@type\":\"ListItem\",\"position\":2,\"name\":\"\u041c\u0430\u0433\u0430\u0437\u0438\u043d\",\"item\":\"https:\\\/\\\/coffeeritz.lv\\\/ru\\\/%d0%bc%d0%b0%d0%b3%d0%b0%d0%b7%d0%b8%d0%bd\\\/\"},{\"@type\":\"ListItem\",\"position\":3,\"name\":\"Saeco Royal OTC (mazlietots)\"}]},{\"@type\":\"WebSite\",\"@id\":\"https:\\\/\\\/coffeeritz.lv\\\/#website\",\"url\":\"https:\\\/\\\/coffeeritz.lv\\\/\",\"name\":\"CoffeeRitz.lv\",\"description\":\"Coffee Roastery innovation\",\"publisher\":{\"@id\":\"https:\\\/\\\/coffeeritz.lv\\\/#organization\"},\"potentialAction\":[{\"@type\":\"SearchAction\",\"target\":{\"@type\":\"EntryPoint\",\"urlTemplate\":\"https:\\\/\\\/coffeeritz.lv\\\/?s={search_term_string}\"},\"query-input\":{\"@type\":\"PropertyValueSpecification\",\"valueRequired\":true,\"valueName\":\"search_term_string\"}}],\"inLanguage\":\"ru-RU\"},{\"@type\":\"Organization\",\"@id\":\"https:\\\/\\\/coffeeritz.lv\\\/#organization\",\"name\":\"Coffee Ritz\",\"url\":\"https:\\\/\\\/coffeeritz.lv\\\/\",\"logo\":{\"@type\":\"ImageObject\",\"inLanguage\":\"ru-RU\",\"@id\":\"https:\\\/\\\/coffeeritz.lv\\\/#\\\/schema\\\/logo\\\/image\\\/\",\"url\":\"https:\\\/\\\/coffeeritz.lv\\\/wp-content\\\/uploads\\\/2021\\\/10\\\/logo_Ritz.png\",\"contentUrl\":\"https:\\\/\\\/coffeeritz.lv\\\/wp-content\\\/uploads\\\/2021\\\/10\\\/logo_Ritz.png\",\"width\":450,\"height\":168,\"caption\":\"Coffee Ritz\"},\"image\":{\"@id\":\"https:\\\/\\\/coffeeritz.lv\\\/#\\\/schema\\\/logo\\\/image\\\/\"}}]}<\/script>\n<!-- \/ Yoast SEO plugin. -->","yoast_head_json":{"title":"Saeco Royal OTC (mazlietots)","description":"Saeco Royal OTC, Kapu\u010dinators, 2,5 litru \u016bdens tvertnei, 600 gramu pupi\u0146u tvertnei un kafijas biezumu tvertnei, kur ietilpst l\u012bdz pat 18 porcij\u0101m.","robots":{"index":"index","follow":"follow","max-snippet":"max-snippet:-1","max-image-preview":"max-image-preview:large","max-video-preview":"max-video-preview:-1"},"canonical":"https:\/\/coffeeritz.lv\/ru\/products\/saeco-royal-otc-mazlietots\/","og_locale":"ru_RU","og_type":"article","og_title":"Saeco Royal OTC (mazlietots)","og_description":"Saeco Royal OTC, Kapu\u010dinators, 2,5 litru \u016bdens tvertnei, 600 gramu pupi\u0146u tvertnei un kafijas biezumu tvertnei, kur ietilpst l\u012bdz pat 18 porcij\u0101m.","og_url":"https:\/\/coffeeritz.lv\/ru\/products\/saeco-royal-otc-mazlietots\/","og_site_name":"CoffeeRitz.lv","article_modified_time":"2026-03-10T10:22:42+00:00","og_image":[{"width":1000,"height":1000,"url":"https:\/\/coffeeritz.lv\/wp-content\/uploads\/2026\/02\/royalblack3jpg.jpg","type":"image\/jpeg"}],"twitter_card":"summary_large_image","twitter_misc":{"\u041f\u0440\u0438\u043c\u0435\u0440\u043d\u043e\u0435 \u0432\u0440\u0435\u043c\u044f \u0434\u043b\u044f \u0447\u0442\u0435\u043d\u0438\u044f":"1 \u043c\u0438\u043d\u0443\u0442\u0430"},"schema":{"@context":"https:\/\/schema.org","@graph":[{"@type":"WebPage","@id":"https:\/\/coffeeritz.lv\/ru\/products\/saeco-royal-otc-mazlietots\/","url":"https:\/\/coffeeritz.lv\/ru\/products\/saeco-royal-otc-mazlietots\/","name":"Saeco Royal OTC (mazlietots)","isPartOf":{"@id":"https:\/\/coffeeritz.lv\/#website"},"primaryImageOfPage":{"@id":"https:\/\/coffeeritz.lv\/ru\/products\/saeco-royal-otc-mazlietots\/#primaryimage"},"image":{"@id":"https:\/\/coffeeritz.lv\/ru\/products\/saeco-royal-otc-mazlietots\/#primaryimage"},"thumbnailUrl":"https:\/\/coffeeritz.lv\/wp-content\/uploads\/2026\/02\/royalblack3jpg.jpg","datePublished":"2026-02-23T14:04:37+00:00","dateModified":"2026-03-10T10:22:42+00:00","description":"Saeco Royal OTC, Kapu\u010dinators, 2,5 litru \u016bdens tvertnei, 600 gramu pupi\u0146u tvertnei un kafijas biezumu tvertnei, kur ietilpst l\u012bdz pat 18 porcij\u0101m.","breadcrumb":{"@id":"https:\/\/coffeeritz.lv\/ru\/products\/saeco-royal-otc-mazlietots\/#breadcrumb"},"inLanguage":"ru-RU","potentialAction":[{"@type":"ReadAction","target":["https:\/\/coffeeritz.lv\/ru\/products\/saeco-royal-otc-mazlietots\/"]}]},{"@type":"ImageObject","inLanguage":"ru-RU","@id":"https:\/\/coffeeritz.lv\/ru\/products\/saeco-royal-otc-mazlietots\/#primaryimage","url":"https:\/\/coffeeritz.lv\/wp-content\/uploads\/2026\/02\/royalblack3jpg.jpg","contentUrl":"https:\/\/coffeeritz.lv\/wp-content\/uploads\/2026\/02\/royalblack3jpg.jpg","width":1000,"height":1000,"caption":"Saeco Royal OTC"},{"@type":"BreadcrumbList","@id":"https:\/\/coffeeritz.lv\/ru\/products\/saeco-royal-otc-mazlietots\/#breadcrumb","itemListElement":[{"@type":"ListItem","position":1,"name":"Home","item":"https:\/\/coffeeritz.lv\/ru\/"},{"@type":"ListItem","position":2,"name":"\u041c\u0430\u0433\u0430\u0437\u0438\u043d","item":"https:\/\/coffeeritz.lv\/ru\/%d0%bc%d0%b0%d0%b3%d0%b0%d0%b7%d0%b8%d0%bd\/"},{"@type":"ListItem","position":3,"name":"Saeco Royal OTC (mazlietots)"}]},{"@type":"WebSite","@id":"https:\/\/coffeeritz.lv\/#website","url":"https:\/\/coffeeritz.lv\/","name":"CoffeeRitz.lv","description":"Coffee Roastery innovation","publisher":{"@id":"https:\/\/coffeeritz.lv\/#organization"},"potentialAction":[{"@type":"SearchAction","target":{"@type":"EntryPoint","urlTemplate":"https:\/\/coffeeritz.lv\/?s={search_term_string}"},"query-input":{"@type":"PropertyValueSpecification","valueRequired":true,"valueName":"search_term_string"}}],"inLanguage":"ru-RU"},{"@type":"Organization","@id":"https:\/\/coffeeritz.lv\/#organization","name":"Coffee Ritz","url":"https:\/\/coffeeritz.lv\/","logo":{"@type":"ImageObject","inLanguage":"ru-RU","@id":"https:\/\/coffeeritz.lv\/#\/schema\/logo\/image\/","url":"https:\/\/coffeeritz.lv\/wp-content\/uploads\/2021\/10\/logo_Ritz.png","contentUrl":"https:\/\/coffeeritz.lv\/wp-content\/uploads\/2021\/10\/logo_Ritz.png","width":450,"height":168,"caption":"Coffee Ritz"},"image":{"@id":"https:\/\/coffeeritz.lv\/#\/schema\/logo\/image\/"}}]}},"_links":{"self":[{"href":"https:\/\/coffeeritz.lv\/ru\/wp-json\/wp\/v2\/product\/7474","targetHints":{"allow":["GET"]}}],"collection":[{"href":"https:\/\/coffeeritz.lv\/ru\/wp-json\/wp\/v2\/product"}],"about":[{"href":"https:\/\/coffeeritz.lv\/ru\/wp-json\/wp\/v2\/types\/product"}],"wp:featuredmedia":[{"embeddable":true,"href":"https:\/\/coffeeritz.lv\/ru\/wp-json\/wp\/v2\/media\/7472"}],"wp:attachment":[{"href":"https:\/\/coffeeritz.lv\/ru\/wp-json\/wp\/v2\/media?parent=7474"}],"wp:term":[{"taxonomy":"product_cat","embeddable":true,"href":"https:\/\/coffeeritz.lv\/ru\/wp-json\/wp\/v2\/product_cat?post=7474"},{"taxonomy":"product_tag","embeddable":true,"href":"https:\/\/coffeeritz.lv\/ru\/wp-json\/wp\/v2\/product_tag?post=7474"}],"curies":[{"name":"wp","href":"https:\/\/api.w.org\/{rel}","templated":true}]}}