{"id":2838,"date":"2020-11-06T15:26:34","date_gmt":"2020-11-06T12:26:34","guid":{"rendered":"https:\/\/coffeeritz.lv\/?page_id=2838"},"modified":"2024-05-17T13:01:42","modified_gmt":"2024-05-17T11:01:42","slug":"privacy-and-cookie","status":"publish","type":"page","link":"https:\/\/coffeeritz.lv\/en\/privacy-and-cookie\/","title":{"rendered":"Privacy and Cookie"},"content":{"rendered":"\t\t<div data-elementor-type=\"wp-page\" data-elementor-id=\"2838\" class=\"elementor elementor-2838 elementor-2309\" data-elementor-post-type=\"page\">\n\t\t\t\t\t\t<section class=\"elementor-section elementor-top-section elementor-element elementor-element-9ce6a3d elementor-section-boxed elementor-section-height-default elementor-section-height-default\" data-id=\"9ce6a3d\" data-element_type=\"section\" data-e-type=\"section\">\n\t\t\t\t\t\t<div class=\"elementor-container elementor-column-gap-default\">\n\t\t\t\t\t<div class=\"elementor-column elementor-col-100 elementor-top-column elementor-element elementor-element-f7854f4\" data-id=\"f7854f4\" data-element_type=\"column\" data-e-type=\"column\">\n\t\t\t<div class=\"elementor-column-wrap--f7854f4 elementor-widget-wrap elementor-element-populated\">\n\t\t\t\t\t\t<div class=\"elementor-element elementor-element-24fdb09 elementor-widget elementor-widget-spacer\" data-id=\"24fdb09\" data-element_type=\"widget\" data-e-type=\"widget\" data-widget_type=\"spacer.default\">\n\t\t\t\t<div class=\"elementor-widget-container\">\n\t\t\t\t\t\t\t<div class=\"elementor-spacer\">\n\t\t\t<div class=\"elementor-spacer-inner\"><\/div>\n\t\t<\/div>\n\t\t\t\t\t\t<\/div>\n\t\t\t\t<\/div>\n\t\t\t\t\t<\/div>\n\t\t<\/div>\n\t\t\t\t\t<\/div>\n\t\t<\/section>\n\t\t\t\t<section class=\"elementor-section elementor-top-section elementor-element elementor-element-e4bbad1 elementor-section-boxed elementor-section-height-default elementor-section-height-default\" data-id=\"e4bbad1\" data-element_type=\"section\" data-e-type=\"section\">\n\t\t\t\t\t\t<div class=\"elementor-container elementor-column-gap-default\">\n\t\t\t\t\t<div class=\"elementor-column elementor-col-100 elementor-top-column elementor-element elementor-element-51cebac\" data-id=\"51cebac\" data-element_type=\"column\" data-e-type=\"column\">\n\t\t\t<div class=\"elementor-column-wrap--51cebac elementor-widget-wrap elementor-element-populated\">\n\t\t\t\t\t\t<div class=\"elementor-element elementor-element-5d54200 elementor-widget elementor-widget-heading\" data-id=\"5d54200\" data-element_type=\"widget\" data-e-type=\"widget\" data-widget_type=\"heading.default\">\n\t\t\t\t<div class=\"elementor-widget-container\">\n\t\t\t\t\t<h1 class=\"elementor-heading-title elementor-size-large\">Privacy and Cookies<\/h1>\t\t\t\t<\/div>\n\t\t\t\t<\/div>\n\t\t\t\t\t<\/div>\n\t\t<\/div>\n\t\t\t\t\t<\/div>\n\t\t<\/section>\n\t\t\t\t<section class=\"elementor-section elementor-top-section elementor-element elementor-element-77cd1c8 elementor-section-boxed elementor-section-height-default elementor-section-height-default\" data-id=\"77cd1c8\" data-element_type=\"section\" data-e-type=\"section\">\n\t\t\t\t\t\t<div class=\"elementor-container elementor-column-gap-default\">\n\t\t\t\t\t<div class=\"elementor-column elementor-col-100 elementor-top-column elementor-element elementor-element-e5509d5\" data-id=\"e5509d5\" data-element_type=\"column\" data-e-type=\"column\">\n\t\t\t<div class=\"elementor-column-wrap--e5509d5 elementor-widget-wrap elementor-element-populated\">\n\t\t\t\t\t\t<div class=\"elementor-element elementor-element-01afbe2 elementor-widget elementor-widget-spacer\" data-id=\"01afbe2\" data-element_type=\"widget\" data-e-type=\"widget\" data-widget_type=\"spacer.default\">\n\t\t\t\t<div class=\"elementor-widget-container\">\n\t\t\t\t\t\t\t<div class=\"elementor-spacer\">\n\t\t\t<div class=\"elementor-spacer-inner\"><\/div>\n\t\t<\/div>\n\t\t\t\t\t\t<\/div>\n\t\t\t\t<\/div>\n\t\t\t\t\t<\/div>\n\t\t<\/div>\n\t\t\t\t\t<\/div>\n\t\t<\/section>\n\t\t\t\t<section class=\"elementor-section elementor-top-section elementor-element elementor-element-f92fdc9 elementor-section-boxed elementor-section-height-default elementor-section-height-default\" data-id=\"f92fdc9\" data-element_type=\"section\" data-e-type=\"section\">\n\t\t\t\t\t\t<div class=\"elementor-container elementor-column-gap-default\">\n\t\t\t\t\t<div class=\"elementor-column elementor-col-100 elementor-top-column elementor-element elementor-element-9b76626\" data-id=\"9b76626\" data-element_type=\"column\" data-e-type=\"column\">\n\t\t\t<div class=\"elementor-column-wrap--9b76626 elementor-widget-wrap elementor-element-populated\">\n\t\t\t\t\t\t<div class=\"elementor-element elementor-element-c56fbf4 elementor-widget elementor-widget-text-editor\" data-id=\"c56fbf4\" data-element_type=\"widget\" data-e-type=\"widget\" data-widget_type=\"text-editor.default\">\n\t\t\t\t<div class=\"elementor-widget-container\">\n\t\t\t\t\t\t\t\t\t<p>We are committed to protecting the privacy and security of our customers and site visitors. Our team members are customers themselves, so we totally appreciate and respect how important privacy is.<\/p><p>We do not, and will not, sell\u00a0any\u00a0of your personal data to\u00a0any\u00a0third party \u2013 including your name, address, email address or credit card information. We want to earn and maintain your trust, and we believe this is absolutely essential in order do that.<\/p><p>We\u2019ll hold on to your information for as long as you continue to be an Coffee Ritz customer and for as long as we are required to keep it to ensure we meet legal requirements.<\/p><p>If you no longer wish to be a customer you can contact our Customer Care team and request that we close your account. However, we have a legal requirement to keep some of your personal data even after you have asked us to delete it. We will only keep what we absolutely need to, and only to make sure we can meet legal or regulatory requirements, resolve disputes, prevent fraud and abuse, or enforce our Terms &amp; Conditions.<\/p><p>The controller of the website is SIA Coffee Ritz reg. No. 40001234567, having office at\u00a0<strong>Br\u012bv\u012bbas gatve 204a, R\u012bga, Latvija, LV-1039<\/strong>\u00a0e-mail: privacy@coffeeritz.lv.<\/p><p>This website uses third-party cookies (Google Analytics cookies _gat; _gid; -ga and Yandex Metrica cookies _ym_ isad; _ym_uid; i) for statistical information collection about visits to the website in order to enable us to understand how visitors interact with our website. The type of personal data processed by the cookies: IP address, PC name and location. Expiration date of the cookies is up to 1 year.<\/p><p>For more information about Google Analytics cookies see\u00a0<a href=\"http:\/\/www.google.com\/analytics\/terms\/us.html\">http:\/\/www.google.com\/analytics\/terms\/us.html<\/a><\/p><p>For more information about Yandex cookies see\u00a0<a href=\"https:\/\/yandex.com\/support\/metrica\/index.html\">https:\/\/yandex.com\/support\/metrica\/index.html<\/a><\/p><p>Payment processing is provided by the payment platform makecommerce.lv, therefore our company transfers the personal data necessary for payment execution to the owner of the platform &#8211; the licensed payment institution Maksekeskus AS.<strong><br \/><\/strong><\/p><h3><strong>How to delete cookies<\/strong><\/h3><p>For information how to delete cookies see\u00a0<a href=\"https:\/\/www.aboutcookies.org\/how-to-delete-cookies\/\">https:\/\/www.aboutcookies.org\/how-to-delete-cookies\/<\/a><\/p><p>If you have any questions regarding this cookie policy or personal data processing, please do not hesitate to contact us using the contact information provided above. If you believe that your rights with respect to personal data processing have been violated you have the right to lodge a complaint with supervisory authority Data State Inspectorate.<\/p><p>By clicking\u201d Accept Cookies\u201d you give you consent to the use of cookies!<\/p><div id=\"gtx-trans\" style=\"position: absolute; left: 248px; top: 1011px;\"><div class=\"gtx-trans-icon\">\u00a0<\/div><\/div>\t\t\t\t\t\t\t\t<\/div>\n\t\t\t\t<\/div>\n\t\t\t\t\t<\/div>\n\t\t<\/div>\n\t\t\t\t\t<\/div>\n\t\t<\/section>\n\t\t\t\t<\/div>\n\t\t","protected":false},"excerpt":{"rendered":"<p>Privacy and Cookies We are committed to protecting the privacy and security of our customers and site visitors. Our team members are customers themselves, so we totally appreciate and respect how important privacy is. We do not, and will not, sell\u00a0any\u00a0of your personal data to\u00a0any\u00a0third party \u2013 including your name, address, email address or credit [&hellip;]<\/p>\n","protected":false},"author":1,"featured_media":0,"parent":0,"menu_order":0,"comment_status":"closed","ping_status":"closed","template":"template-builder.php","meta":{"_acf_changed":false,"_monsterinsights_skip_tracking":false,"_monsterinsights_sitenote_active":false,"_monsterinsights_sitenote_note":"","_monsterinsights_sitenote_category":0,"footnotes":""},"class_list":["post-2838","page","type-page","status-publish","hentry"],"acf":[],"yoast_head":"<!-- This site is optimized with the Yoast SEO plugin v27.4 - https:\/\/yoast.com\/product\/yoast-seo-wordpress\/ -->\n<title>Privacy and Cookie<\/title>\n<meta name=\"description\" content=\"We have web privacy and cookie policy for you.\" \/>\n<meta name=\"robots\" content=\"index, follow, max-snippet:-1, max-image-preview:large, max-video-preview:-1\" \/>\n<link rel=\"canonical\" href=\"https:\/\/coffeeritz.lv\/en\/privacy-and-cookie\/\" \/>\n<meta property=\"og:locale\" content=\"en_US\" \/>\n<meta property=\"og:type\" content=\"article\" \/>\n<meta property=\"og:title\" content=\"Privacy and Cookie\" \/>\n<meta property=\"og:description\" content=\"We have web privacy and cookie policy for you.\" \/>\n<meta property=\"og:url\" content=\"https:\/\/coffeeritz.lv\/en\/privacy-and-cookie\/\" \/>\n<meta property=\"og:site_name\" content=\"CoffeeRitz.lv\" \/>\n<meta property=\"article:modified_time\" content=\"2024-05-17T11:01:42+00:00\" \/>\n<meta name=\"twitter:card\" content=\"summary_large_image\" \/>\n<meta name=\"twitter:label1\" content=\"Est. reading time\" \/>\n\t<meta name=\"twitter:data1\" content=\"2 minutes\" \/>\n<script type=\"application\/ld+json\" class=\"yoast-schema-graph\">{\"@context\":\"https:\\\/\\\/schema.org\",\"@graph\":[{\"@type\":\"WebPage\",\"@id\":\"https:\\\/\\\/coffeeritz.lv\\\/en\\\/privacy-and-cookie\\\/\",\"url\":\"https:\\\/\\\/coffeeritz.lv\\\/en\\\/privacy-and-cookie\\\/\",\"name\":\"Privacy and Cookie\",\"isPartOf\":{\"@id\":\"https:\\\/\\\/coffeeritz.lv\\\/#website\"},\"datePublished\":\"2020-11-06T12:26:34+00:00\",\"dateModified\":\"2024-05-17T11:01:42+00:00\",\"description\":\"We have web privacy and cookie policy for you.\",\"breadcrumb\":{\"@id\":\"https:\\\/\\\/coffeeritz.lv\\\/en\\\/privacy-and-cookie\\\/#breadcrumb\"},\"inLanguage\":\"en-US\",\"potentialAction\":[{\"@type\":\"ReadAction\",\"target\":[\"https:\\\/\\\/coffeeritz.lv\\\/en\\\/privacy-and-cookie\\\/\"]}]},{\"@type\":\"BreadcrumbList\",\"@id\":\"https:\\\/\\\/coffeeritz.lv\\\/en\\\/privacy-and-cookie\\\/#breadcrumb\",\"itemListElement\":[{\"@type\":\"ListItem\",\"position\":1,\"name\":\"Home\",\"item\":\"https:\\\/\\\/coffeeritz.lv\\\/en\\\/\"},{\"@type\":\"ListItem\",\"position\":2,\"name\":\"Privacy and Cookie\"}]},{\"@type\":\"WebSite\",\"@id\":\"https:\\\/\\\/coffeeritz.lv\\\/#website\",\"url\":\"https:\\\/\\\/coffeeritz.lv\\\/\",\"name\":\"CoffeeRitz.lv\",\"description\":\"Coffee Roastery innovation\",\"publisher\":{\"@id\":\"https:\\\/\\\/coffeeritz.lv\\\/#organization\"},\"potentialAction\":[{\"@type\":\"SearchAction\",\"target\":{\"@type\":\"EntryPoint\",\"urlTemplate\":\"https:\\\/\\\/coffeeritz.lv\\\/?s={search_term_string}\"},\"query-input\":{\"@type\":\"PropertyValueSpecification\",\"valueRequired\":true,\"valueName\":\"search_term_string\"}}],\"inLanguage\":\"en-US\"},{\"@type\":\"Organization\",\"@id\":\"https:\\\/\\\/coffeeritz.lv\\\/#organization\",\"name\":\"Coffee Ritz\",\"url\":\"https:\\\/\\\/coffeeritz.lv\\\/\",\"logo\":{\"@type\":\"ImageObject\",\"inLanguage\":\"en-US\",\"@id\":\"https:\\\/\\\/coffeeritz.lv\\\/#\\\/schema\\\/logo\\\/image\\\/\",\"url\":\"https:\\\/\\\/coffeeritz.lv\\\/wp-content\\\/uploads\\\/2021\\\/10\\\/logo_Ritz.png\",\"contentUrl\":\"https:\\\/\\\/coffeeritz.lv\\\/wp-content\\\/uploads\\\/2021\\\/10\\\/logo_Ritz.png\",\"width\":450,\"height\":168,\"caption\":\"Coffee Ritz\"},\"image\":{\"@id\":\"https:\\\/\\\/coffeeritz.lv\\\/#\\\/schema\\\/logo\\\/image\\\/\"}}]}<\/script>\n<!-- \/ Yoast SEO plugin. -->","yoast_head_json":{"title":"Privacy and Cookie","description":"We have web privacy and cookie policy for you.","robots":{"index":"index","follow":"follow","max-snippet":"max-snippet:-1","max-image-preview":"max-image-preview:large","max-video-preview":"max-video-preview:-1"},"canonical":"https:\/\/coffeeritz.lv\/en\/privacy-and-cookie\/","og_locale":"en_US","og_type":"article","og_title":"Privacy and Cookie","og_description":"We have web privacy and cookie policy for you.","og_url":"https:\/\/coffeeritz.lv\/en\/privacy-and-cookie\/","og_site_name":"CoffeeRitz.lv","article_modified_time":"2024-05-17T11:01:42+00:00","twitter_card":"summary_large_image","twitter_misc":{"Est. reading time":"2 minutes"},"schema":{"@context":"https:\/\/schema.org","@graph":[{"@type":"WebPage","@id":"https:\/\/coffeeritz.lv\/en\/privacy-and-cookie\/","url":"https:\/\/coffeeritz.lv\/en\/privacy-and-cookie\/","name":"Privacy and Cookie","isPartOf":{"@id":"https:\/\/coffeeritz.lv\/#website"},"datePublished":"2020-11-06T12:26:34+00:00","dateModified":"2024-05-17T11:01:42+00:00","description":"We have web privacy and cookie policy for you.","breadcrumb":{"@id":"https:\/\/coffeeritz.lv\/en\/privacy-and-cookie\/#breadcrumb"},"inLanguage":"en-US","potentialAction":[{"@type":"ReadAction","target":["https:\/\/coffeeritz.lv\/en\/privacy-and-cookie\/"]}]},{"@type":"BreadcrumbList","@id":"https:\/\/coffeeritz.lv\/en\/privacy-and-cookie\/#breadcrumb","itemListElement":[{"@type":"ListItem","position":1,"name":"Home","item":"https:\/\/coffeeritz.lv\/en\/"},{"@type":"ListItem","position":2,"name":"Privacy and Cookie"}]},{"@type":"WebSite","@id":"https:\/\/coffeeritz.lv\/#website","url":"https:\/\/coffeeritz.lv\/","name":"CoffeeRitz.lv","description":"Coffee Roastery innovation","publisher":{"@id":"https:\/\/coffeeritz.lv\/#organization"},"potentialAction":[{"@type":"SearchAction","target":{"@type":"EntryPoint","urlTemplate":"https:\/\/coffeeritz.lv\/?s={search_term_string}"},"query-input":{"@type":"PropertyValueSpecification","valueRequired":true,"valueName":"search_term_string"}}],"inLanguage":"en-US"},{"@type":"Organization","@id":"https:\/\/coffeeritz.lv\/#organization","name":"Coffee Ritz","url":"https:\/\/coffeeritz.lv\/","logo":{"@type":"ImageObject","inLanguage":"en-US","@id":"https:\/\/coffeeritz.lv\/#\/schema\/logo\/image\/","url":"https:\/\/coffeeritz.lv\/wp-content\/uploads\/2021\/10\/logo_Ritz.png","contentUrl":"https:\/\/coffeeritz.lv\/wp-content\/uploads\/2021\/10\/logo_Ritz.png","width":450,"height":168,"caption":"Coffee Ritz"},"image":{"@id":"https:\/\/coffeeritz.lv\/#\/schema\/logo\/image\/"}}]}},"_links":{"self":[{"href":"https:\/\/coffeeritz.lv\/en\/wp-json\/wp\/v2\/pages\/2838","targetHints":{"allow":["GET"]}}],"collection":[{"href":"https:\/\/coffeeritz.lv\/en\/wp-json\/wp\/v2\/pages"}],"about":[{"href":"https:\/\/coffeeritz.lv\/en\/wp-json\/wp\/v2\/types\/page"}],"author":[{"embeddable":true,"href":"https:\/\/coffeeritz.lv\/en\/wp-json\/wp\/v2\/users\/1"}],"replies":[{"embeddable":true,"href":"https:\/\/coffeeritz.lv\/en\/wp-json\/wp\/v2\/comments?post=2838"}],"version-history":[{"count":0,"href":"https:\/\/coffeeritz.lv\/en\/wp-json\/wp\/v2\/pages\/2838\/revisions"}],"wp:attachment":[{"href":"https:\/\/coffeeritz.lv\/en\/wp-json\/wp\/v2\/media?parent=2838"}],"curies":[{"name":"wp","href":"https:\/\/api.w.org\/{rel}","templated":true}]}}