{"id":1990,"date":"2020-06-29T15:43:57","date_gmt":"2020-06-29T12:43:57","guid":{"rendered":"https:\/\/coffeeritz.lv\/?page_id=1990"},"modified":"2022-03-23T12:03:43","modified_gmt":"2022-03-23T10:03:43","slug":"return-exchange","status":"publish","type":"page","link":"https:\/\/coffeeritz.lv\/en\/return-exchange\/","title":{"rendered":"Return &#038; Exchange"},"content":{"rendered":"\t\t<div data-elementor-type=\"wp-page\" data-elementor-id=\"1990\" class=\"elementor elementor-1990 elementor-1266\" data-elementor-post-type=\"page\">\n\t\t\t\t\t\t<section class=\"elementor-section elementor-top-section elementor-element elementor-element-a4e36e5 elementor-section-boxed elementor-section-height-default elementor-section-height-default\" data-id=\"a4e36e5\" data-element_type=\"section\" data-e-type=\"section\">\n\t\t\t\t\t\t<div class=\"elementor-container elementor-column-gap-default\">\n\t\t\t\t\t<div class=\"elementor-column elementor-col-100 elementor-top-column elementor-element elementor-element-e0de2be\" data-id=\"e0de2be\" data-element_type=\"column\" data-e-type=\"column\">\n\t\t\t<div class=\"elementor-column-wrap--e0de2be elementor-widget-wrap elementor-element-populated\">\n\t\t\t\t\t\t<div class=\"elementor-element elementor-element-e935dd5 elementor-widget elementor-widget-spacer\" data-id=\"e935dd5\" data-element_type=\"widget\" data-e-type=\"widget\" data-widget_type=\"spacer.default\">\n\t\t\t\t<div class=\"elementor-widget-container\">\n\t\t\t\t\t\t\t<div class=\"elementor-spacer\">\n\t\t\t<div class=\"elementor-spacer-inner\"><\/div>\n\t\t<\/div>\n\t\t\t\t\t\t<\/div>\n\t\t\t\t<\/div>\n\t\t\t\t\t<\/div>\n\t\t<\/div>\n\t\t\t\t\t<\/div>\n\t\t<\/section>\n\t\t\t\t<section class=\"elementor-section elementor-top-section elementor-element elementor-element-459d739 elementor-section-boxed elementor-section-height-default elementor-section-height-default\" data-id=\"459d739\" data-element_type=\"section\" data-e-type=\"section\">\n\t\t\t\t\t\t<div class=\"elementor-container elementor-column-gap-default\">\n\t\t\t\t\t<div class=\"elementor-column elementor-col-100 elementor-top-column elementor-element elementor-element-2309943\" data-id=\"2309943\" data-element_type=\"column\" data-e-type=\"column\">\n\t\t\t<div class=\"elementor-column-wrap--2309943 elementor-widget-wrap elementor-element-populated\">\n\t\t\t\t\t\t<div class=\"elementor-element elementor-element-7826623 elementor-widget elementor-widget-heading\" data-id=\"7826623\" data-element_type=\"widget\" data-e-type=\"widget\" data-widget_type=\"heading.default\">\n\t\t\t\t<div class=\"elementor-widget-container\">\n\t\t\t\t\t<h1 class=\"elementor-heading-title elementor-size-large\">Return &amp; Exchange<\/h1>\t\t\t\t<\/div>\n\t\t\t\t<\/div>\n\t\t\t\t\t<\/div>\n\t\t<\/div>\n\t\t\t\t\t<\/div>\n\t\t<\/section>\n\t\t\t\t<section class=\"elementor-section elementor-top-section elementor-element elementor-element-e775bb4 elementor-section-boxed elementor-section-height-default elementor-section-height-default\" data-id=\"e775bb4\" data-element_type=\"section\" data-e-type=\"section\">\n\t\t\t\t\t\t<div class=\"elementor-container elementor-column-gap-default\">\n\t\t\t\t\t<div class=\"elementor-column elementor-col-100 elementor-top-column elementor-element elementor-element-3e77bfe\" data-id=\"3e77bfe\" data-element_type=\"column\" data-e-type=\"column\">\n\t\t\t<div class=\"elementor-column-wrap--3e77bfe elementor-widget-wrap elementor-element-populated\">\n\t\t\t\t\t\t<div class=\"elementor-element elementor-element-b38c9ad elementor-widget elementor-widget-spacer\" data-id=\"b38c9ad\" data-element_type=\"widget\" data-e-type=\"widget\" data-widget_type=\"spacer.default\">\n\t\t\t\t<div class=\"elementor-widget-container\">\n\t\t\t\t\t\t\t<div class=\"elementor-spacer\">\n\t\t\t<div class=\"elementor-spacer-inner\"><\/div>\n\t\t<\/div>\n\t\t\t\t\t\t<\/div>\n\t\t\t\t<\/div>\n\t\t\t\t\t<\/div>\n\t\t<\/div>\n\t\t\t\t\t<\/div>\n\t\t<\/section>\n\t\t\t\t<section class=\"elementor-section elementor-top-section elementor-element elementor-element-42613ffb elementor-section-boxed elementor-section-height-default elementor-section-height-default\" data-id=\"42613ffb\" data-element_type=\"section\" data-e-type=\"section\">\n\t\t\t\t\t\t<div class=\"elementor-container elementor-column-gap-default\">\n\t\t\t\t\t<div class=\"elementor-column elementor-col-100 elementor-top-column elementor-element elementor-element-777e3474\" data-id=\"777e3474\" data-element_type=\"column\" data-e-type=\"column\">\n\t\t\t<div class=\"elementor-column-wrap--777e3474 elementor-widget-wrap elementor-element-populated\">\n\t\t\t\t\t\t<div class=\"elementor-element elementor-element-23da8956 elementor-widget elementor-widget-text-editor\" data-id=\"23da8956\" data-element_type=\"widget\" data-e-type=\"widget\" data-widget_type=\"text-editor.default\">\n\t\t\t\t<div class=\"elementor-widget-container\">\n\t\t\t\t\t\t\t\t\t<p>1. The Buyer has the right to exercise the right of withdrawal and unilaterally withdraw from the purchase-sale agreement concluded in the www.coffeeritz.lv store by notifying \u201cCoffee Ritz\u201d in writing no later than within 14 (fourteen) calendar days from the date of delivery of the goods. The Buyer shall send a free-form notification, clearly identifying the Buyer (name, surname) and the date of the order, regarding the exercise of the right of withdrawal or the Withdrawal Form attached to the delivery document, duly indicating all necessary data, to Coffee Ritz to the following address: SIA \u201cCoffee Ritz\u201d , Br\u012bv\u012bbas gatve 204a, R\u012bga, LV-1039 or by e-mail: info@coffeeritz.lv.<\/p>\n<p>2. By submitting a written notice of exercise of the right of withdrawal, the Buyer must return the goods (if delivered) in accordance with the procedure specified in Clause 6 of these Regulations no later than within 14 (fourteen) calendar days after sending the notice of exercise of the right of withdrawal.<\/p>\n<p>3. The right of withdrawal specified in Paragraph 1 of the Regulations may be exercised only by the Buyer, who in accordance with the provisions of the Consumer Rights Protection Law of the Republic of Latvia is recognized as a consumer, i. i.e. a natural person who expresses a wish to acquire, acquires or is likely to acquire or use a good or service for a purpose which is not connected with his economic or professional activity.<\/p>\n<p>4. The buyer (consumer) may not exercise the right of withdrawal specified in Paragraph 1 of the Regulations if any of the following circumstances is established:<br \/>4.1 the product is perishable or is about to expire;<\/p>\n<p>4.2. the consumer has opened the packaging for a product which, for health and hygiene reasons, cannot be returned;<\/p>\n<p>4.3. in other regulations of the Cabinet of Ministers of 20 May 2014 No. 255 \u201cProvisions on distance contracts\u201d in the cases provided for.<\/p>\n<p>5. The buyer (consumer) is entitled to file a claim of Coffee Ritz for a product that does not comply with the provisions of the Agreement in accordance with the Consumer Rights Protection Law and to exercise the rights specified in the said law in accordance with the law.<\/p>\n<p>6. The Buyer shall send the non-compliant product or the product in respect of which the right of withdrawal has been exercised or returned in accordance with Clause 8 of the Terms by post or free of charge to the Coffee Ritz office by prior agreement with the Coffee Ritz by e-mail info @ coffeeritz.lv about the time of return of goods. The costs related to the return of the goods shall be borne by the Buyer. If the Buyer wishes to return the goods during their delivery, the goods must be returned to the \u201cCoffee Ritz\u201d representative (courier) who delivered them.<\/p>\n<p>7. When returning or changing the goods purchased in the www.coffeeritz.lv store, Coffee Ritz has the right to request to fill in the return or exchange form submitted by Coffee Ritz.<\/p>\n<p>8. The Buyer (both natural and legal person) is entitled to exchange or return, in accordance with the procedure of Clause 6 of the Terms, also a product conforming to the Agreement, if the Buyer does not like the shape, size, color, model, etc. of the product. The Buyer must notify Coffee Ritz immediately (upon receipt of the goods, but not later than on the day of receipt of the goods) by e-mail info@coffeeritz.lv about the return of the goods in accordance with the Agreement. These provisions on the return of goods in conformity with the Agreement shall not apply to goods for which it is not possible to exercise the right of withdrawal in accordance with Clause 4 of the Regulations.<\/p>\n<p>9. Returned or exchanged quality goods or goods for which the right of withdrawal is exercised must be undamaged, must not have lost the appearance of the goods (labels have not been removed and damaged, protective films have not been torn off, etc.), must not have been used and must not have been used. The goods must be returned in the original packaging, in the same set as the Buyer received them, it is mandatory to submit the purchase documents. If the goods are damaged, untidy or not properly packaged, Coffee Ritz has the right not to accept the goods, not to change them and not return the money paid to the Buyer for the goods.<\/p>\n<p>10. For goods for which the Buyer has exercised the right of withdrawal, the money paid shall be refunded to the Buyer\u2019s account no later than within 14 (fourteen) days from the date of receipt of the Buyer\u2019s notice of exercise of the right of withdrawal. Coffee Ritz is entitled to withhold the refund of the amount paid by the Buyer until Coffee Ritz has received the product or the Buyer has provided Coffee Ritz with confirmation that the product has been returned, whichever is earlier.<\/p>\n<p>11. When returning or exchanging high-quality goods that comply with the Buyer\u2019s order, as well as goods that do not comply with the contract, Coffee Ritz will pay in accordance with Clause 10 of the Terms. For goods for which the Buyer has exercised the right of withdrawal, the money paid shall be refunded to the Buyer\u2019s account no later than within 14 (fourteen) days from the date of receipt of the Buyer\u2019s notice of exercise of the right of withdrawal. Coffee Ritz is entitled to withhold the refund of the amount paid by the Buyer until Coffee Ritz has received the product or the Buyer has provided Coffee Ritz with confirmation that the product has been returned, whichever is earlier.<\/p>\n<p>12. When returning or exchanging high-quality goods that comply with the Buyer\u2019s order, as well as goods that do not comply with the contract, Coffee Ritz will pay in accordance with Clause 10 of the Terms.<\/p>\n\t\t\t\t\t\t\t\t<\/div>\n\t\t\t\t<\/div>\n\t\t\t\t\t<\/div>\n\t\t<\/div>\n\t\t\t\t\t<\/div>\n\t\t<\/section>\n\t\t\t\t<\/div>\n\t\t","protected":false},"excerpt":{"rendered":"<p>Return &amp; Exchange 1. The Buyer has the right to exercise the right of withdrawal and unilaterally withdraw from the purchase-sale agreement concluded in the www.coffeeritz.lv store by notifying \u201cCoffee Ritz\u201d in writing no later than within 14 (fourteen) calendar days from the date of delivery of the goods. The Buyer shall send a free-form [&hellip;]<\/p>\n","protected":false},"author":1,"featured_media":0,"parent":0,"menu_order":0,"comment_status":"closed","ping_status":"closed","template":"template-builder.php","meta":{"_acf_changed":false,"_monsterinsights_skip_tracking":false,"_monsterinsights_sitenote_active":false,"_monsterinsights_sitenote_note":"","_monsterinsights_sitenote_category":0,"footnotes":""},"class_list":["post-1990","page","type-page","status-publish","hentry"],"acf":[],"yoast_head":"<!-- This site is optimized with the Yoast SEO plugin v27.3 - https:\/\/yoast.com\/product\/yoast-seo-wordpress\/ -->\n<title>Return &amp; Exchange<\/title>\n<meta name=\"description\" content=\"You can return or exchange you product to another one. Contact us free.\" \/>\n<meta name=\"robots\" content=\"index, follow, max-snippet:-1, max-image-preview:large, max-video-preview:-1\" \/>\n<link rel=\"canonical\" href=\"https:\/\/coffeeritz.lv\/en\/return-exchange\/\" \/>\n<meta property=\"og:locale\" content=\"en_US\" \/>\n<meta property=\"og:type\" content=\"article\" \/>\n<meta property=\"og:title\" content=\"Return &amp; Exchange\" \/>\n<meta property=\"og:description\" content=\"You can return or exchange you product to another one. Contact us free.\" \/>\n<meta property=\"og:url\" content=\"https:\/\/coffeeritz.lv\/en\/return-exchange\/\" \/>\n<meta property=\"og:site_name\" content=\"CoffeeRitz.lv\" \/>\n<meta property=\"article:modified_time\" content=\"2022-03-23T10:03:43+00:00\" \/>\n<meta name=\"twitter:card\" content=\"summary_large_image\" \/>\n<meta name=\"twitter:label1\" content=\"Est. reading time\" \/>\n\t<meta name=\"twitter:data1\" content=\"5 minutes\" \/>\n<script type=\"application\/ld+json\" class=\"yoast-schema-graph\">{\"@context\":\"https:\\\/\\\/schema.org\",\"@graph\":[{\"@type\":\"WebPage\",\"@id\":\"https:\\\/\\\/coffeeritz.lv\\\/en\\\/return-exchange\\\/\",\"url\":\"https:\\\/\\\/coffeeritz.lv\\\/en\\\/return-exchange\\\/\",\"name\":\"Return & Exchange\",\"isPartOf\":{\"@id\":\"https:\\\/\\\/coffeeritz.lv\\\/#website\"},\"datePublished\":\"2020-06-29T12:43:57+00:00\",\"dateModified\":\"2022-03-23T10:03:43+00:00\",\"description\":\"You can return or exchange you product to another one. Contact us free.\",\"breadcrumb\":{\"@id\":\"https:\\\/\\\/coffeeritz.lv\\\/en\\\/return-exchange\\\/#breadcrumb\"},\"inLanguage\":\"en-US\",\"potentialAction\":[{\"@type\":\"ReadAction\",\"target\":[\"https:\\\/\\\/coffeeritz.lv\\\/en\\\/return-exchange\\\/\"]}]},{\"@type\":\"BreadcrumbList\",\"@id\":\"https:\\\/\\\/coffeeritz.lv\\\/en\\\/return-exchange\\\/#breadcrumb\",\"itemListElement\":[{\"@type\":\"ListItem\",\"position\":1,\"name\":\"Home\",\"item\":\"https:\\\/\\\/coffeeritz.lv\\\/en\\\/\"},{\"@type\":\"ListItem\",\"position\":2,\"name\":\"Return &#038; Exchange\"}]},{\"@type\":\"WebSite\",\"@id\":\"https:\\\/\\\/coffeeritz.lv\\\/#website\",\"url\":\"https:\\\/\\\/coffeeritz.lv\\\/\",\"name\":\"CoffeeRitz.lv\",\"description\":\"Coffee Roastery innovation\",\"publisher\":{\"@id\":\"https:\\\/\\\/coffeeritz.lv\\\/#organization\"},\"potentialAction\":[{\"@type\":\"SearchAction\",\"target\":{\"@type\":\"EntryPoint\",\"urlTemplate\":\"https:\\\/\\\/coffeeritz.lv\\\/?s={search_term_string}\"},\"query-input\":{\"@type\":\"PropertyValueSpecification\",\"valueRequired\":true,\"valueName\":\"search_term_string\"}}],\"inLanguage\":\"en-US\"},{\"@type\":\"Organization\",\"@id\":\"https:\\\/\\\/coffeeritz.lv\\\/#organization\",\"name\":\"Coffee Ritz\",\"url\":\"https:\\\/\\\/coffeeritz.lv\\\/\",\"logo\":{\"@type\":\"ImageObject\",\"inLanguage\":\"en-US\",\"@id\":\"https:\\\/\\\/coffeeritz.lv\\\/#\\\/schema\\\/logo\\\/image\\\/\",\"url\":\"https:\\\/\\\/coffeeritz.lv\\\/wp-content\\\/uploads\\\/2021\\\/10\\\/logo_Ritz.png\",\"contentUrl\":\"https:\\\/\\\/coffeeritz.lv\\\/wp-content\\\/uploads\\\/2021\\\/10\\\/logo_Ritz.png\",\"width\":450,\"height\":168,\"caption\":\"Coffee Ritz\"},\"image\":{\"@id\":\"https:\\\/\\\/coffeeritz.lv\\\/#\\\/schema\\\/logo\\\/image\\\/\"}}]}<\/script>\n<!-- \/ Yoast SEO plugin. -->","yoast_head_json":{"title":"Return & Exchange","description":"You can return or exchange you product to another one. Contact us free.","robots":{"index":"index","follow":"follow","max-snippet":"max-snippet:-1","max-image-preview":"max-image-preview:large","max-video-preview":"max-video-preview:-1"},"canonical":"https:\/\/coffeeritz.lv\/en\/return-exchange\/","og_locale":"en_US","og_type":"article","og_title":"Return & Exchange","og_description":"You can return or exchange you product to another one. Contact us free.","og_url":"https:\/\/coffeeritz.lv\/en\/return-exchange\/","og_site_name":"CoffeeRitz.lv","article_modified_time":"2022-03-23T10:03:43+00:00","twitter_card":"summary_large_image","twitter_misc":{"Est. reading time":"5 minutes"},"schema":{"@context":"https:\/\/schema.org","@graph":[{"@type":"WebPage","@id":"https:\/\/coffeeritz.lv\/en\/return-exchange\/","url":"https:\/\/coffeeritz.lv\/en\/return-exchange\/","name":"Return & Exchange","isPartOf":{"@id":"https:\/\/coffeeritz.lv\/#website"},"datePublished":"2020-06-29T12:43:57+00:00","dateModified":"2022-03-23T10:03:43+00:00","description":"You can return or exchange you product to another one. Contact us free.","breadcrumb":{"@id":"https:\/\/coffeeritz.lv\/en\/return-exchange\/#breadcrumb"},"inLanguage":"en-US","potentialAction":[{"@type":"ReadAction","target":["https:\/\/coffeeritz.lv\/en\/return-exchange\/"]}]},{"@type":"BreadcrumbList","@id":"https:\/\/coffeeritz.lv\/en\/return-exchange\/#breadcrumb","itemListElement":[{"@type":"ListItem","position":1,"name":"Home","item":"https:\/\/coffeeritz.lv\/en\/"},{"@type":"ListItem","position":2,"name":"Return &#038; Exchange"}]},{"@type":"WebSite","@id":"https:\/\/coffeeritz.lv\/#website","url":"https:\/\/coffeeritz.lv\/","name":"CoffeeRitz.lv","description":"Coffee Roastery innovation","publisher":{"@id":"https:\/\/coffeeritz.lv\/#organization"},"potentialAction":[{"@type":"SearchAction","target":{"@type":"EntryPoint","urlTemplate":"https:\/\/coffeeritz.lv\/?s={search_term_string}"},"query-input":{"@type":"PropertyValueSpecification","valueRequired":true,"valueName":"search_term_string"}}],"inLanguage":"en-US"},{"@type":"Organization","@id":"https:\/\/coffeeritz.lv\/#organization","name":"Coffee Ritz","url":"https:\/\/coffeeritz.lv\/","logo":{"@type":"ImageObject","inLanguage":"en-US","@id":"https:\/\/coffeeritz.lv\/#\/schema\/logo\/image\/","url":"https:\/\/coffeeritz.lv\/wp-content\/uploads\/2021\/10\/logo_Ritz.png","contentUrl":"https:\/\/coffeeritz.lv\/wp-content\/uploads\/2021\/10\/logo_Ritz.png","width":450,"height":168,"caption":"Coffee Ritz"},"image":{"@id":"https:\/\/coffeeritz.lv\/#\/schema\/logo\/image\/"}}]}},"_links":{"self":[{"href":"https:\/\/coffeeritz.lv\/en\/wp-json\/wp\/v2\/pages\/1990","targetHints":{"allow":["GET"]}}],"collection":[{"href":"https:\/\/coffeeritz.lv\/en\/wp-json\/wp\/v2\/pages"}],"about":[{"href":"https:\/\/coffeeritz.lv\/en\/wp-json\/wp\/v2\/types\/page"}],"author":[{"embeddable":true,"href":"https:\/\/coffeeritz.lv\/en\/wp-json\/wp\/v2\/users\/1"}],"replies":[{"embeddable":true,"href":"https:\/\/coffeeritz.lv\/en\/wp-json\/wp\/v2\/comments?post=1990"}],"version-history":[{"count":0,"href":"https:\/\/coffeeritz.lv\/en\/wp-json\/wp\/v2\/pages\/1990\/revisions"}],"wp:attachment":[{"href":"https:\/\/coffeeritz.lv\/en\/wp-json\/wp\/v2\/media?parent=1990"}],"curies":[{"name":"wp","href":"https:\/\/api.w.org\/{rel}","templated":true}]}}